{"id":15680,"date":"2024-07-06T14:32:07","date_gmt":"2024-07-06T13:32:07","guid":{"rendered":"https:\/\/place-to-bee.com\/happy-bee\/"},"modified":"2024-07-06T14:32:08","modified_gmt":"2024-07-06T13:32:08","slug":"happy-bee","status":"publish","type":"page","link":"https:\/\/place-to-bee.com\/fr\/happy-bee\/","title":{"rendered":"Happy Bee"},"content":{"rendered":"\t\t<div data-elementor-type=\"wp-page\" data-elementor-id=\"15680\" class=\"elementor elementor-15680 elementor-15670\" data-elementor-post-type=\"page\">\n\t\t\t\t\t\t<section class=\"elementor-section elementor-top-section elementor-element elementor-element-689fb206 elementor-section-boxed elementor-section-height-default elementor-section-height-default\" data-id=\"689fb206\" data-element_type=\"section\" data-e-type=\"section\">\n\t\t\t\t\t\t<div class=\"elementor-container elementor-column-gap-default\">\n\t\t\t\t\t<div class=\"elementor-column elementor-col-100 elementor-top-column elementor-element elementor-element-604a368d\" data-id=\"604a368d\" data-element_type=\"column\" data-e-type=\"column\">\n\t\t\t<div class=\"elementor-widget-wrap elementor-element-populated\">\n\t\t\t\t\t\t<div class=\"elementor-element elementor-element-12e46d79 elementor-widget__width-initial elementor-widget elementor-widget-image\" data-id=\"12e46d79\" data-element_type=\"widget\" data-e-type=\"widget\" data-widget_type=\"image.default\">\n\t\t\t\t<div class=\"elementor-widget-container\">\n\t\t\t\t\t\t\t\t\t\t\t\t\t\t\t<img fetchpriority=\"high\" decoding=\"async\" width=\"900\" height=\"900\" src=\"https:\/\/place-to-bee.com\/wp-content\/uploads\/chat-bot@2x.png\" class=\"attachment-large size-large wp-image-15627\" alt=\"chat bot avatar\" srcset=\"https:\/\/place-to-bee.com\/wp-content\/uploads\/chat-bot@2x.png 900w, https:\/\/place-to-bee.com\/wp-content\/uploads\/chat-bot@2x-150x150.png 150w, https:\/\/place-to-bee.com\/wp-content\/uploads\/chat-bot@2x-768x768.png 768w, https:\/\/place-to-bee.com\/wp-content\/uploads\/chat-bot@2x-600x600.png 600w, https:\/\/place-to-bee.com\/wp-content\/uploads\/chat-bot@2x-100x100.png 100w\" sizes=\"(max-width: 900px) 100vw, 900px\" \/>\t\t\t\t\t\t\t\t\t\t\t\t\t\t\t<\/div>\n\t\t\t\t<\/div>\n\t\t\t\t<div class=\"elementor-element elementor-element-36810165 elementor-widget elementor-widget-heading\" data-id=\"36810165\" data-element_type=\"widget\" data-e-type=\"widget\" data-widget_type=\"heading.default\">\n\t\t\t\t<div class=\"elementor-widget-container\">\n\t\t\t\t\t<h6 class=\"elementor-heading-title elementor-size-default\">Virtuel et toujours pr\u00eat \u00e0 te r\u00e9pondre<\/h6>\t\t\t\t<\/div>\n\t\t\t\t<\/div>\n\t\t\t\t<div class=\"elementor-element elementor-element-1566973d elementor-widget elementor-widget-heading\" data-id=\"1566973d\" data-element_type=\"widget\" data-e-type=\"widget\" data-widget_type=\"heading.default\">\n\t\t\t\t<div class=\"elementor-widget-container\">\n\t\t\t\t\t<h1 class=\"elementor-heading-title elementor-size-default\">Happy Bee<\/h1>\t\t\t\t<\/div>\n\t\t\t\t<\/div>\n\t\t\t\t\t<\/div>\n\t\t<\/div>\n\t\t\t\t\t<\/div>\n\t\t<\/section>\n\t\t\t\t<section class=\"elementor-section elementor-top-section elementor-element elementor-element-70f8ae8c elementor-section-boxed elementor-section-height-default elementor-section-height-default\" data-id=\"70f8ae8c\" data-element_type=\"section\" data-e-type=\"section\" data-settings=\"{&quot;background_background&quot;:&quot;classic&quot;}\">\n\t\t\t\t\t\t<div class=\"elementor-container elementor-column-gap-default\">\n\t\t\t\t\t<div class=\"elementor-column elementor-col-100 elementor-top-column elementor-element elementor-element-708aca32\" data-id=\"708aca32\" data-element_type=\"column\" data-e-type=\"column\">\n\t\t\t<div class=\"elementor-widget-wrap elementor-element-populated\">\n\t\t\t\t\t\t<div class=\"elementor-element elementor-element-0be28a1 elementor-widget elementor-widget-html\" data-id=\"0be28a1\" data-element_type=\"widget\" data-e-type=\"widget\" data-widget_type=\"html.default\">\n\t\t\t\t<div class=\"elementor-widget-container\">\n\t\t\t\t\t<iframe src=\"https:\/\/www.chatbase.co\/chatbot-iframe\/cLbPa2aTz8KpPr8vc_kLM\" width=\"100%\" style=\"height: 100%; min-height: 500px\" frameborder=\"0\"><\/iframe>\t\t\t\t<\/div>\n\t\t\t\t<\/div>\n\t\t\t\t\t<\/div>\n\t\t<\/div>\n\t\t\t\t\t<\/div>\n\t\t<\/section>\n\t\t\t\t<\/div>\n\t\t","protected":false},"excerpt":{"rendered":"<p>Virtuel et toujours pr\u00eat \u00e0 te r\u00e9pondre Happy Bee<\/p>\n","protected":false},"author":1,"featured_media":0,"parent":0,"menu_order":0,"comment_status":"closed","ping_status":"closed","template":"","meta":{"footnotes":""},"class_list":["post-15680","page","type-page","status-publish","hentry"],"yoast_head":"<!-- This site is optimized with the Yoast SEO plugin v27.2 - https:\/\/yoast.com\/product\/yoast-seo-wordpress\/ -->\n<title>Happy Bee - PlaceToBee<\/title>\n<meta name=\"description\" content=\"Happy Bee, notre assistant virtuelle est toujours pr\u00eat \u00e0 r\u00e9pondre \u00e0 toutes tes questions concernant PlaceToBee.\" \/>\n<meta name=\"robots\" content=\"index, follow, max-snippet:-1, max-image-preview:large, max-video-preview:-1\" \/>\n<link rel=\"canonical\" href=\"https:\/\/place-to-bee.com\/fr\/happy-bee\/\" \/>\n<meta property=\"og:locale\" content=\"fr_FR\" \/>\n<meta property=\"og:type\" content=\"article\" \/>\n<meta property=\"og:title\" content=\"Happy Bee - PlaceToBee\" \/>\n<meta property=\"og:description\" content=\"Happy Bee, notre assistant virtuelle est toujours pr\u00eat \u00e0 r\u00e9pondre \u00e0 toutes tes questions concernant PlaceToBee.\" \/>\n<meta property=\"og:url\" content=\"https:\/\/place-to-bee.com\/fr\/happy-bee\/\" \/>\n<meta property=\"og:site_name\" content=\"PlaceToBee\" \/>\n<meta property=\"article:publisher\" content=\"https:\/\/www.facebook.com\/placetobee.travelguide\" \/>\n<meta property=\"article:modified_time\" content=\"2024-07-06T13:32:08+00:00\" \/>\n<meta property=\"og:image\" content=\"https:\/\/place-to-bee.com\/wp-content\/uploads\/chat-bot@2x.png\" \/>\n<meta name=\"twitter:card\" content=\"summary_large_image\" \/>\n<script type=\"application\/ld+json\" class=\"yoast-schema-graph\">{\"@context\":\"https:\/\/schema.org\",\"@graph\":[{\"@type\":\"WebPage\",\"@id\":\"https:\/\/place-to-bee.com\/fr\/happy-bee\/\",\"url\":\"https:\/\/place-to-bee.com\/fr\/happy-bee\/\",\"name\":\"Happy Bee - PlaceToBee\",\"isPartOf\":{\"@id\":\"https:\/\/place-to-bee.com\/fr\/#website\"},\"primaryImageOfPage\":{\"@id\":\"https:\/\/place-to-bee.com\/fr\/happy-bee\/#primaryimage\"},\"image\":{\"@id\":\"https:\/\/place-to-bee.com\/fr\/happy-bee\/#primaryimage\"},\"thumbnailUrl\":\"https:\/\/place-to-bee.com\/wp-content\/uploads\/chat-bot@2x.png\",\"datePublished\":\"2024-07-06T13:32:07+00:00\",\"dateModified\":\"2024-07-06T13:32:08+00:00\",\"description\":\"Happy Bee, notre assistant virtuelle est toujours pr\u00eat \u00e0 r\u00e9pondre \u00e0 toutes tes questions concernant PlaceToBee.\",\"breadcrumb\":{\"@id\":\"https:\/\/place-to-bee.com\/fr\/happy-bee\/#breadcrumb\"},\"inLanguage\":\"fr-FR\",\"potentialAction\":[{\"@type\":\"ReadAction\",\"target\":[\"https:\/\/place-to-bee.com\/fr\/happy-bee\/\"]}]},{\"@type\":\"ImageObject\",\"inLanguage\":\"fr-FR\",\"@id\":\"https:\/\/place-to-bee.com\/fr\/happy-bee\/#primaryimage\",\"url\":\"https:\/\/place-to-bee.com\/wp-content\/uploads\/chat-bot@2x.png\",\"contentUrl\":\"https:\/\/place-to-bee.com\/wp-content\/uploads\/chat-bot@2x.png\"},{\"@type\":\"BreadcrumbList\",\"@id\":\"https:\/\/place-to-bee.com\/fr\/happy-bee\/#breadcrumb\",\"itemListElement\":[{\"@type\":\"ListItem\",\"position\":1,\"name\":\"Accueil\",\"item\":\"https:\/\/place-to-bee.com\/fr\/\"},{\"@type\":\"ListItem\",\"position\":2,\"name\":\"Happy Bee\"}]},{\"@type\":\"WebSite\",\"@id\":\"https:\/\/place-to-bee.com\/fr\/#website\",\"url\":\"https:\/\/place-to-bee.com\/fr\/\",\"name\":\"PlaceToBee\",\"description\":\"Travel guide\",\"publisher\":{\"@id\":\"https:\/\/place-to-bee.com\/fr\/#organization\"},\"potentialAction\":[{\"@type\":\"SearchAction\",\"target\":{\"@type\":\"EntryPoint\",\"urlTemplate\":\"https:\/\/place-to-bee.com\/fr\/?s={search_term_string}\"},\"query-input\":{\"@type\":\"PropertyValueSpecification\",\"valueRequired\":true,\"valueName\":\"search_term_string\"}}],\"inLanguage\":\"fr-FR\"},{\"@type\":\"Organization\",\"@id\":\"https:\/\/place-to-bee.com\/fr\/#organization\",\"name\":\"PlaceToBee\",\"url\":\"https:\/\/place-to-bee.com\/fr\/\",\"logo\":{\"@type\":\"ImageObject\",\"inLanguage\":\"fr-FR\",\"@id\":\"https:\/\/place-to-bee.com\/fr\/#\/schema\/logo\/image\/\",\"url\":\"\",\"contentUrl\":\"\",\"caption\":\"PlaceToBee\"},\"image\":{\"@id\":\"https:\/\/place-to-bee.com\/fr\/#\/schema\/logo\/image\/\"},\"sameAs\":[\"https:\/\/www.facebook.com\/placetobee.travelguide\",\"https:\/\/www.instagram.com\/placetobee.travelguide\/\"]}]}<\/script>\n<!-- \/ Yoast SEO plugin. -->","yoast_head_json":{"title":"Happy Bee - PlaceToBee","description":"Happy Bee, notre assistant virtuelle est toujours pr\u00eat \u00e0 r\u00e9pondre \u00e0 toutes tes questions concernant PlaceToBee.","robots":{"index":"index","follow":"follow","max-snippet":"max-snippet:-1","max-image-preview":"max-image-preview:large","max-video-preview":"max-video-preview:-1"},"canonical":"https:\/\/place-to-bee.com\/fr\/happy-bee\/","og_locale":"fr_FR","og_type":"article","og_title":"Happy Bee - PlaceToBee","og_description":"Happy Bee, notre assistant virtuelle est toujours pr\u00eat \u00e0 r\u00e9pondre \u00e0 toutes tes questions concernant PlaceToBee.","og_url":"https:\/\/place-to-bee.com\/fr\/happy-bee\/","og_site_name":"PlaceToBee","article_publisher":"https:\/\/www.facebook.com\/placetobee.travelguide","article_modified_time":"2024-07-06T13:32:08+00:00","og_image":[{"url":"https:\/\/place-to-bee.com\/wp-content\/uploads\/chat-bot@2x.png","type":"","width":"","height":""}],"twitter_card":"summary_large_image","schema":{"@context":"https:\/\/schema.org","@graph":[{"@type":"WebPage","@id":"https:\/\/place-to-bee.com\/fr\/happy-bee\/","url":"https:\/\/place-to-bee.com\/fr\/happy-bee\/","name":"Happy Bee - PlaceToBee","isPartOf":{"@id":"https:\/\/place-to-bee.com\/fr\/#website"},"primaryImageOfPage":{"@id":"https:\/\/place-to-bee.com\/fr\/happy-bee\/#primaryimage"},"image":{"@id":"https:\/\/place-to-bee.com\/fr\/happy-bee\/#primaryimage"},"thumbnailUrl":"https:\/\/place-to-bee.com\/wp-content\/uploads\/chat-bot@2x.png","datePublished":"2024-07-06T13:32:07+00:00","dateModified":"2024-07-06T13:32:08+00:00","description":"Happy Bee, notre assistant virtuelle est toujours pr\u00eat \u00e0 r\u00e9pondre \u00e0 toutes tes questions concernant PlaceToBee.","breadcrumb":{"@id":"https:\/\/place-to-bee.com\/fr\/happy-bee\/#breadcrumb"},"inLanguage":"fr-FR","potentialAction":[{"@type":"ReadAction","target":["https:\/\/place-to-bee.com\/fr\/happy-bee\/"]}]},{"@type":"ImageObject","inLanguage":"fr-FR","@id":"https:\/\/place-to-bee.com\/fr\/happy-bee\/#primaryimage","url":"https:\/\/place-to-bee.com\/wp-content\/uploads\/chat-bot@2x.png","contentUrl":"https:\/\/place-to-bee.com\/wp-content\/uploads\/chat-bot@2x.png"},{"@type":"BreadcrumbList","@id":"https:\/\/place-to-bee.com\/fr\/happy-bee\/#breadcrumb","itemListElement":[{"@type":"ListItem","position":1,"name":"Accueil","item":"https:\/\/place-to-bee.com\/fr\/"},{"@type":"ListItem","position":2,"name":"Happy Bee"}]},{"@type":"WebSite","@id":"https:\/\/place-to-bee.com\/fr\/#website","url":"https:\/\/place-to-bee.com\/fr\/","name":"PlaceToBee","description":"Travel guide","publisher":{"@id":"https:\/\/place-to-bee.com\/fr\/#organization"},"potentialAction":[{"@type":"SearchAction","target":{"@type":"EntryPoint","urlTemplate":"https:\/\/place-to-bee.com\/fr\/?s={search_term_string}"},"query-input":{"@type":"PropertyValueSpecification","valueRequired":true,"valueName":"search_term_string"}}],"inLanguage":"fr-FR"},{"@type":"Organization","@id":"https:\/\/place-to-bee.com\/fr\/#organization","name":"PlaceToBee","url":"https:\/\/place-to-bee.com\/fr\/","logo":{"@type":"ImageObject","inLanguage":"fr-FR","@id":"https:\/\/place-to-bee.com\/fr\/#\/schema\/logo\/image\/","url":"","contentUrl":"","caption":"PlaceToBee"},"image":{"@id":"https:\/\/place-to-bee.com\/fr\/#\/schema\/logo\/image\/"},"sameAs":["https:\/\/www.facebook.com\/placetobee.travelguide","https:\/\/www.instagram.com\/placetobee.travelguide\/"]}]}},"_links":{"self":[{"href":"https:\/\/place-to-bee.com\/fr\/wp-json\/wp\/v2\/pages\/15680","targetHints":{"allow":["GET"]}}],"collection":[{"href":"https:\/\/place-to-bee.com\/fr\/wp-json\/wp\/v2\/pages"}],"about":[{"href":"https:\/\/place-to-bee.com\/fr\/wp-json\/wp\/v2\/types\/page"}],"author":[{"embeddable":true,"href":"https:\/\/place-to-bee.com\/fr\/wp-json\/wp\/v2\/users\/1"}],"replies":[{"embeddable":true,"href":"https:\/\/place-to-bee.com\/fr\/wp-json\/wp\/v2\/comments?post=15680"}],"version-history":[{"count":1,"href":"https:\/\/place-to-bee.com\/fr\/wp-json\/wp\/v2\/pages\/15680\/revisions"}],"predecessor-version":[{"id":15681,"href":"https:\/\/place-to-bee.com\/fr\/wp-json\/wp\/v2\/pages\/15680\/revisions\/15681"}],"wp:attachment":[{"href":"https:\/\/place-to-bee.com\/fr\/wp-json\/wp\/v2\/media?parent=15680"}],"curies":[{"name":"wp","href":"https:\/\/api.w.org\/{rel}","templated":true}]}}