{"id":6856,"date":"2020-12-10T18:13:12","date_gmt":"2020-12-10T17:13:12","guid":{"rendered":"https:\/\/beta.place-to-bee.com\/les-emplacements\/"},"modified":"2026-03-16T17:16:23","modified_gmt":"2026-03-16T16:16:23","slug":"emplacements","status":"publish","type":"page","link":"https:\/\/place-to-bee.com\/fr\/emplacements\/","title":{"rendered":"Emplacements"},"content":{"rendered":"\t\t<div data-elementor-type=\"wp-page\" data-elementor-id=\"6856\" class=\"elementor elementor-6856 elementor-6078\" data-elementor-post-type=\"page\">\n\t\t\t\t\t\t<section class=\"elementor-section elementor-top-section elementor-element elementor-element-b949bff elementor-section-boxed elementor-section-height-default elementor-section-height-default\" data-id=\"b949bff\" data-element_type=\"section\" data-e-type=\"section\">\n\t\t\t\t\t\t<div class=\"elementor-container elementor-column-gap-default\">\n\t\t\t\t\t<div class=\"elementor-column elementor-col-50 elementor-top-column elementor-element elementor-element-9886022\" data-id=\"9886022\" data-element_type=\"column\" data-e-type=\"column\" data-settings=\"{&quot;background_background&quot;:&quot;slideshow&quot;,&quot;background_slideshow_gallery&quot;:[{&quot;id&quot;:8857,&quot;url&quot;:&quot;https:\\\/\\\/place-to-bee.com\\\/wp-content\\\/uploads\\\/bus.jpg&quot;},{&quot;id&quot;:6352,&quot;url&quot;:&quot;https:\\\/\\\/place-to-bee.com\\\/wp-content\\\/uploads\\\/bee-place-1.png&quot;},{&quot;id&quot;:6769,&quot;url&quot;:&quot;https:\\\/\\\/place-to-bee.com\\\/wp-content\\\/uploads\\\/2020\\\/10\\\/bus-vignes.jpg&quot;},{&quot;id&quot;:8861,&quot;url&quot;:&quot;https:\\\/\\\/place-to-bee.com\\\/wp-content\\\/uploads\\\/bus3.jpg&quot;},{&quot;id&quot;:8863,&quot;url&quot;:&quot;https:\\\/\\\/place-to-bee.com\\\/wp-content\\\/uploads\\\/bus4.jpg&quot;}],&quot;background_slideshow_ken_burns&quot;:&quot;yes&quot;,&quot;background_slideshow_loop&quot;:&quot;yes&quot;,&quot;background_slideshow_slide_duration&quot;:5000,&quot;background_slideshow_slide_transition&quot;:&quot;fade&quot;,&quot;background_slideshow_transition_duration&quot;:500,&quot;background_slideshow_ken_burns_zoom_direction&quot;:&quot;in&quot;}\">\n\t\t\t<div class=\"elementor-widget-wrap elementor-element-populated\">\n\t\t\t\t\t\t<div class=\"elementor-element elementor-element-7364f62 elementor-widget__width-initial elementor-absolute elementor-widget elementor-widget-image\" data-id=\"7364f62\" data-element_type=\"widget\" data-e-type=\"widget\" data-settings=\"{&quot;motion_fx_motion_fx_scrolling&quot;:&quot;yes&quot;,&quot;motion_fx_translateY_effect&quot;:&quot;yes&quot;,&quot;motion_fx_translateY_direction&quot;:&quot;negative&quot;,&quot;motion_fx_translateY_speed&quot;:{&quot;unit&quot;:&quot;px&quot;,&quot;size&quot;:5.7,&quot;sizes&quot;:[]},&quot;_position&quot;:&quot;absolute&quot;,&quot;motion_fx_translateY_affectedRange&quot;:{&quot;unit&quot;:&quot;%&quot;,&quot;size&quot;:&quot;&quot;,&quot;sizes&quot;:{&quot;start&quot;:0,&quot;end&quot;:100}},&quot;motion_fx_devices&quot;:[&quot;desktop&quot;,&quot;tablet&quot;,&quot;mobile&quot;]}\" data-widget_type=\"image.default\">\n\t\t\t\t<div class=\"elementor-widget-container\">\n\t\t\t\t\t\t\t\t\t\t\t\t\t\t\t<img decoding=\"async\" width=\"88\" height=\"41\" src=\"https:\/\/place-to-bee.com\/wp-content\/uploads\/PTB_icon_Yellow.svg\" class=\"attachment-large size-large wp-image-6813\" alt=\"\" \/>\t\t\t\t\t\t\t\t\t\t\t\t\t\t\t<\/div>\n\t\t\t\t<\/div>\n\t\t\t\t<div class=\"elementor-element elementor-element-a4c7461 elementor-widget elementor-widget-spacer\" data-id=\"a4c7461\" data-element_type=\"widget\" data-e-type=\"widget\" data-widget_type=\"spacer.default\">\n\t\t\t\t<div class=\"elementor-widget-container\">\n\t\t\t\t\t\t\t<div class=\"elementor-spacer\">\n\t\t\t<div class=\"elementor-spacer-inner\"><\/div>\n\t\t<\/div>\n\t\t\t\t\t\t<\/div>\n\t\t\t\t<\/div>\n\t\t\t\t<div class=\"elementor-element elementor-element-bfdd88b elementor-widget elementor-widget-spacer\" data-id=\"bfdd88b\" data-element_type=\"widget\" data-e-type=\"widget\" data-widget_type=\"spacer.default\">\n\t\t\t\t<div class=\"elementor-widget-container\">\n\t\t\t\t\t\t\t<div class=\"elementor-spacer\">\n\t\t\t<div class=\"elementor-spacer-inner\"><\/div>\n\t\t<\/div>\n\t\t\t\t\t\t<\/div>\n\t\t\t\t<\/div>\n\t\t\t\t\t<\/div>\n\t\t<\/div>\n\t\t\t\t<div class=\"elementor-column elementor-col-50 elementor-top-column elementor-element elementor-element-0499a9b\" data-id=\"0499a9b\" data-element_type=\"column\" data-e-type=\"column\">\n\t\t\t<div class=\"elementor-widget-wrap elementor-element-populated\">\n\t\t\t\t\t\t<div class=\"elementor-element elementor-element-d937de1 elementor-widget elementor-widget-spacer\" data-id=\"d937de1\" data-element_type=\"widget\" data-e-type=\"widget\" data-widget_type=\"spacer.default\">\n\t\t\t\t<div class=\"elementor-widget-container\">\n\t\t\t\t\t\t\t<div class=\"elementor-spacer\">\n\t\t\t<div class=\"elementor-spacer-inner\"><\/div>\n\t\t<\/div>\n\t\t\t\t\t\t<\/div>\n\t\t\t\t<\/div>\n\t\t\t\t<div class=\"elementor-element elementor-element-994952b elementor-view-default elementor-widget elementor-widget-icon\" data-id=\"994952b\" data-element_type=\"widget\" data-e-type=\"widget\" data-widget_type=\"icon.default\">\n\t\t\t\t<div class=\"elementor-widget-container\">\n\t\t\t\t\t\t\t<div class=\"elementor-icon-wrapper\">\n\t\t\t<div class=\"elementor-icon\">\n\t\t\t<i aria-hidden=\"true\" class=\"fas fa-parking\"><\/i>\t\t\t<\/div>\n\t\t<\/div>\n\t\t\t\t\t\t<\/div>\n\t\t\t\t<\/div>\n\t\t\t\t<div class=\"elementor-element elementor-element-5fed15c elementor-widget elementor-widget-heading\" data-id=\"5fed15c\" data-element_type=\"widget\" data-e-type=\"widget\" data-widget_type=\"heading.default\">\n\t\t\t\t<div class=\"elementor-widget-container\">\n\t\t\t\t\t<h6 class=\"elementor-heading-title elementor-size-default\">Best place to bee<\/h6>\t\t\t\t<\/div>\n\t\t\t\t<\/div>\n\t\t\t\t<div class=\"elementor-element elementor-element-1d973a5 elementor-widget elementor-widget-heading\" data-id=\"1d973a5\" data-element_type=\"widget\" data-e-type=\"widget\" data-widget_type=\"heading.default\">\n\t\t\t\t<div class=\"elementor-widget-container\">\n\t\t\t\t\t<h1 class=\"elementor-heading-title elementor-size-default\">Les emplacements<\/h1>\t\t\t\t<\/div>\n\t\t\t\t<\/div>\n\t\t\t\t<div class=\"elementor-element elementor-element-08ad7d7 elementor-widget elementor-widget-heading\" data-id=\"08ad7d7\" data-element_type=\"widget\" data-e-type=\"widget\" data-widget_type=\"heading.default\">\n\t\t\t\t<div class=\"elementor-widget-container\">\n\t\t\t\t\t<h3 class=\"elementor-heading-title elementor-size-default\">Plus de 300 emplacements en Suisse<\/h3>\t\t\t\t<\/div>\n\t\t\t\t<\/div>\n\t\t\t\t<div class=\"elementor-element elementor-element-c32cbef elementor-align-left elementor-widget elementor-widget-button\" data-id=\"c32cbef\" data-element_type=\"widget\" data-e-type=\"widget\" data-widget_type=\"button.default\">\n\t\t\t\t<div class=\"elementor-widget-container\">\n\t\t\t\t\t\t\t\t\t<div class=\"elementor-button-wrapper\">\n\t\t\t\t\t<a class=\"elementor-button elementor-button-link elementor-size-sm\" href=\"#carte\">\n\t\t\t\t\t\t<span class=\"elementor-button-content-wrapper\">\n\t\t\t\t\t\t<span class=\"elementor-button-icon\">\n\t\t\t\t<i aria-hidden=\"true\" class=\"far fa-map\"><\/i>\t\t\t<\/span>\n\t\t\t\t\t\t\t\t\t<span class=\"elementor-button-text\">Voir la carte<\/span>\n\t\t\t\t\t<\/span>\n\t\t\t\t\t<\/a>\n\t\t\t\t<\/div>\n\t\t\t\t\t\t\t\t<\/div>\n\t\t\t\t<\/div>\n\t\t\t\t\t<\/div>\n\t\t<\/div>\n\t\t\t\t\t<\/div>\n\t\t<\/section>\n\t\t\t\t<section class=\"elementor-section elementor-top-section elementor-element elementor-element-5f41361 elementor-section-boxed elementor-section-height-default elementor-section-height-default\" data-id=\"5f41361\" data-element_type=\"section\" data-e-type=\"section\">\n\t\t\t\t\t\t\t<div class=\"elementor-background-overlay\"><\/div>\n\t\t\t\t\t\t\t<div class=\"elementor-container elementor-column-gap-default\">\n\t\t\t\t\t<div class=\"elementor-column elementor-col-100 elementor-top-column elementor-element elementor-element-07a36dc\" data-id=\"07a36dc\" data-element_type=\"column\" data-e-type=\"column\">\n\t\t\t<div class=\"elementor-widget-wrap elementor-element-populated\">\n\t\t\t\t\t\t<div class=\"elementor-element elementor-element-7516687 elementor-widget elementor-widget-menu-anchor\" data-id=\"7516687\" data-element_type=\"widget\" data-e-type=\"widget\" data-widget_type=\"menu-anchor.default\">\n\t\t\t\t<div class=\"elementor-widget-container\">\n\t\t\t\t\t\t\t<div class=\"elementor-menu-anchor\" id=\"carte\"><\/div>\n\t\t\t\t\t\t<\/div>\n\t\t\t\t<\/div>\n\t\t\t\t<div class=\"elementor-element elementor-element-ccf59f2 elementor-widget elementor-widget-heading\" data-id=\"ccf59f2\" data-element_type=\"widget\" data-e-type=\"widget\" data-widget_type=\"heading.default\">\n\t\t\t\t<div class=\"elementor-widget-container\">\n\t\t\t\t\t<h6 class=\"elementor-heading-title elementor-size-default\">La carte<\/h6>\t\t\t\t<\/div>\n\t\t\t\t<\/div>\n\t\t\t\t<div class=\"elementor-element elementor-element-0a7d2d8 elementor-widget elementor-widget-heading\" data-id=\"0a7d2d8\" data-element_type=\"widget\" data-e-type=\"widget\" data-widget_type=\"heading.default\">\n\t\t\t\t<div class=\"elementor-widget-container\">\n\t\t\t\t\t<h2 class=\"elementor-heading-title elementor-size-default\">Ou vas-tu passer la nuit ?<\/h2>\t\t\t\t<\/div>\n\t\t\t\t<\/div>\n\t\t\t\t<section class=\"elementor-section elementor-inner-section elementor-element elementor-element-47179d0 elementor-section-boxed elementor-section-height-default elementor-section-height-default\" data-id=\"47179d0\" data-element_type=\"section\" data-e-type=\"section\">\n\t\t\t\t\t\t<div class=\"elementor-container elementor-column-gap-default\">\n\t\t\t\t\t<div class=\"elementor-column elementor-col-100 elementor-inner-column elementor-element elementor-element-38d2dae\" data-id=\"38d2dae\" data-element_type=\"column\" data-e-type=\"column\">\n\t\t\t<div class=\"elementor-widget-wrap elementor-element-populated\">\n\t\t\t\t\t\t<div class=\"elementor-element elementor-element-5b54a24 elementor-widget__width-initial elementor-widget elementor-widget-text-editor\" data-id=\"5b54a24\" data-element_type=\"widget\" data-e-type=\"widget\" data-widget_type=\"text-editor.default\">\n\t\t\t\t<div class=\"elementor-widget-container\">\n\t\t\t\t\t\t\t\t\t<p>Nos accueillants t&#8217;attendent \u00e0 bras ouverts et se r\u00e9jouissent de faire ta connaissance. <br>Ils sont paysans, vignerons, brasseurs, fromagers, artisans, \u00e9leveurs de ch\u00e8vres \u2026 et te proposent de passer 24 heures sur leurs terres.<\/p>\n<p>Impr\u00e9gne-toi de leur travail, r\u00e9gale-toi avec leurs produits, apprends-en plus sur leur m\u00e9tier, leur passion, la r\u00e9gion dans laquelle ils vivent et d\u00e9couvre leurs secrets r\u00e9gionaux.<\/p>\t\t\t\t\t\t\t\t<\/div>\n\t\t\t\t<\/div>\n\t\t\t\t\t<\/div>\n\t\t<\/div>\n\t\t\t\t\t<\/div>\n\t\t<\/section>\n\t\t\t\t<section class=\"elementor-section elementor-inner-section elementor-element elementor-element-5dba610 elementor-section-boxed elementor-section-height-default elementor-section-height-default\" data-id=\"5dba610\" data-element_type=\"section\" data-e-type=\"section\">\n\t\t\t\t\t\t<div class=\"elementor-container elementor-column-gap-default\">\n\t\t\t\t\t<div class=\"elementor-column elementor-col-100 elementor-inner-column elementor-element elementor-element-2a0f865\" data-id=\"2a0f865\" data-element_type=\"column\" data-e-type=\"column\">\n\t\t\t<div class=\"elementor-widget-wrap elementor-element-populated\">\n\t\t\t\t\t\t<div class=\"elementor-element elementor-element-62f368a elementor-widget elementor-widget-image\" data-id=\"62f368a\" data-element_type=\"widget\" data-e-type=\"widget\" data-widget_type=\"image.default\">\n\t\t\t\t<div class=\"elementor-widget-container\">\n\t\t\t\t\t\t\t\t\t\t\t\t\t\t\t<img fetchpriority=\"high\" decoding=\"async\" width=\"2174\" height=\"1404\" src=\"https:\/\/place-to-bee.com\/wp-content\/uploads\/carteptb_illus_map-1.webp\" class=\"attachment-large size-large wp-image-17654\" alt=\"\" srcset=\"https:\/\/place-to-bee.com\/wp-content\/uploads\/carteptb_illus_map-1.webp 2174w, https:\/\/place-to-bee.com\/wp-content\/uploads\/carteptb_illus_map-1-768x496.webp 768w, https:\/\/place-to-bee.com\/wp-content\/uploads\/carteptb_illus_map-1-1536x992.webp 1536w, https:\/\/place-to-bee.com\/wp-content\/uploads\/carteptb_illus_map-1-2048x1323.webp 2048w, https:\/\/place-to-bee.com\/wp-content\/uploads\/carteptb_illus_map-1-600x387.webp 600w\" sizes=\"(max-width: 2174px) 100vw, 2174px\" \/>\t\t\t\t\t\t\t\t\t\t\t\t\t\t\t<\/div>\n\t\t\t\t<\/div>\n\t\t\t\t<div class=\"elementor-element elementor-element-7b16753 elementor-widget elementor-widget-text-editor\" data-id=\"7b16753\" data-element_type=\"widget\" data-e-type=\"widget\" data-widget_type=\"text-editor.default\">\n\t\t\t\t<div class=\"elementor-widget-container\">\n\t\t\t\t\t\t\t\t\t<p>\u2139\ufe0f Cette carte n\u2019est pas cliquable, elle n\u2019est qu\u2019un aper\u00e7u des emplacements actuels.<\/p>\t\t\t\t\t\t\t\t<\/div>\n\t\t\t\t<\/div>\n\t\t\t\t\t<\/div>\n\t\t<\/div>\n\t\t\t\t\t<\/div>\n\t\t<\/section>\n\t\t\t\t<section class=\"elementor-section elementor-inner-section elementor-element elementor-element-c389413 elementor-section-boxed elementor-section-height-default elementor-section-height-default\" data-id=\"c389413\" data-element_type=\"section\" data-e-type=\"section\">\n\t\t\t\t\t\t<div class=\"elementor-container elementor-column-gap-default\">\n\t\t\t\t\t<div class=\"elementor-column elementor-col-100 elementor-inner-column elementor-element elementor-element-1a919d2\" data-id=\"1a919d2\" data-element_type=\"column\" data-e-type=\"column\" data-settings=\"{&quot;background_background&quot;:&quot;classic&quot;}\">\n\t\t\t<div class=\"elementor-widget-wrap elementor-element-populated\">\n\t\t\t\t\t\t<div class=\"elementor-element elementor-element-0b6b49a elementor-widget elementor-widget-text-editor\" data-id=\"0b6b49a\" data-element_type=\"widget\" data-e-type=\"widget\" data-widget_type=\"text-editor.default\">\n\t\t\t\t<div class=\"elementor-widget-container\">\n\t\t\t\t\t\t\t\t\t<p>Retrouve toutes les informations d\u00e9taill\u00e9es \u00e0 propos des accueillants PlaceToBee sur le portail.<\/p>\t\t\t\t\t\t\t\t<\/div>\n\t\t\t\t<\/div>\n\t\t\t\t<div class=\"elementor-element elementor-element-496a6d8 elementor-align-center elementor-widget elementor-widget-button\" data-id=\"496a6d8\" data-element_type=\"widget\" data-e-type=\"widget\" data-widget_type=\"button.default\">\n\t\t\t\t<div class=\"elementor-widget-container\">\n\t\t\t\t\t\t\t\t\t<div class=\"elementor-button-wrapper\">\n\t\t\t\t\t<a class=\"elementor-button elementor-button-link elementor-size-md\" href=\"https:\/\/place-to-bee.com\/fr\/devenir-membre\/\">\n\t\t\t\t\t\t<span class=\"elementor-button-content-wrapper\">\n\t\t\t\t\t\t<span class=\"elementor-button-icon\">\n\t\t\t\t<i aria-hidden=\"true\" class=\"fas fa-shopping-basket\"><\/i>\t\t\t<\/span>\n\t\t\t\t\t\t\t\t\t<span class=\"elementor-button-text\">Devenir membre<\/span>\n\t\t\t\t\t<\/span>\n\t\t\t\t\t<\/a>\n\t\t\t\t<\/div>\n\t\t\t\t\t\t\t\t<\/div>\n\t\t\t\t<\/div>\n\t\t\t\t\t<\/div>\n\t\t<\/div>\n\t\t\t\t\t<\/div>\n\t\t<\/section>\n\t\t\t\t\t<\/div>\n\t\t<\/div>\n\t\t\t\t\t<\/div>\n\t\t<\/section>\n\t\t\t\t<\/div>\n\t\t","protected":false},"excerpt":{"rendered":"<p>Best place to bee Les emplacements Plus de 300 emplacements en Suisse Voir la carte La carte Ou vas-tu passer la nuit ? Nos accueillants t&#8217;attendent \u00e0 bras ouverts et se r\u00e9jouissent de faire ta connaissance. Ils sont paysans, vignerons, brasseurs, fromagers, artisans, \u00e9leveurs de ch\u00e8vres \u2026 et te proposent de passer 24 heures sur [&hellip;]<\/p>\n","protected":false},"author":2,"featured_media":0,"parent":0,"menu_order":0,"comment_status":"closed","ping_status":"closed","template":"","meta":{"footnotes":""},"class_list":["post-6856","page","type-page","status-publish","hentry"],"yoast_head":"<!-- This site is optimized with the Yoast SEO plugin v27.2 - https:\/\/yoast.com\/product\/yoast-seo-wordpress\/ -->\n<title>Emplacements de camping idylliques en Suisse - PlaceToBee<\/title>\n<meta name=\"description\" content=\"Avec ton adh\u00e9sion annuelle tu s\u00e9journes gratuitement sur les plus beaux emplacements de Suisse, chez nos producteurs.\" \/>\n<meta name=\"robots\" content=\"index, follow, max-snippet:-1, max-image-preview:large, max-video-preview:-1\" \/>\n<link rel=\"canonical\" href=\"https:\/\/place-to-bee.com\/fr\/emplacements\/\" \/>\n<meta property=\"og:locale\" content=\"fr_FR\" \/>\n<meta property=\"og:type\" content=\"article\" \/>\n<meta property=\"og:title\" content=\"Emplacements de camping idylliques en Suisse - PlaceToBee\" \/>\n<meta property=\"og:description\" content=\"Avec ton adh\u00e9sion annuelle tu s\u00e9journes gratuitement sur les plus beaux emplacements de Suisse, chez nos producteurs.\" \/>\n<meta property=\"og:url\" content=\"https:\/\/place-to-bee.com\/fr\/emplacements\/\" \/>\n<meta property=\"og:site_name\" content=\"PlaceToBee\" \/>\n<meta property=\"article:publisher\" content=\"https:\/\/www.facebook.com\/placetobee.travelguide\" \/>\n<meta property=\"article:modified_time\" content=\"2026-03-16T16:16:23+00:00\" \/>\n<meta property=\"og:image\" content=\"https:\/\/place-to-bee.com\/wp-content\/uploads\/bus.jpg\" \/>\n\t<meta property=\"og:image:width\" content=\"1920\" \/>\n\t<meta property=\"og:image:height\" content=\"1280\" \/>\n\t<meta property=\"og:image:type\" content=\"image\/jpeg\" \/>\n<meta name=\"twitter:card\" content=\"summary_large_image\" \/>\n<meta name=\"twitter:label1\" content=\"Dur\u00e9e de lecture estim\u00e9e\" \/>\n\t<meta name=\"twitter:data1\" content=\"2 minutes\" \/>\n<script type=\"application\/ld+json\" class=\"yoast-schema-graph\">{\"@context\":\"https:\/\/schema.org\",\"@graph\":[{\"@type\":\"WebPage\",\"@id\":\"https:\/\/place-to-bee.com\/fr\/emplacements\/\",\"url\":\"https:\/\/place-to-bee.com\/fr\/emplacements\/\",\"name\":\"Emplacements de camping idylliques en Suisse - PlaceToBee\",\"isPartOf\":{\"@id\":\"https:\/\/place-to-bee.com\/fr\/#website\"},\"primaryImageOfPage\":{\"@id\":\"https:\/\/place-to-bee.com\/fr\/emplacements\/#primaryimage\"},\"image\":{\"@id\":\"https:\/\/place-to-bee.com\/fr\/emplacements\/#primaryimage\"},\"thumbnailUrl\":\"https:\/\/place-to-bee.com\/wp-content\/uploads\/PTB_icon_Yellow.svg\",\"datePublished\":\"2020-12-10T17:13:12+00:00\",\"dateModified\":\"2026-03-16T16:16:23+00:00\",\"description\":\"Avec ton adh\u00e9sion annuelle tu s\u00e9journes gratuitement sur les plus beaux emplacements de Suisse, chez nos producteurs.\",\"breadcrumb\":{\"@id\":\"https:\/\/place-to-bee.com\/fr\/emplacements\/#breadcrumb\"},\"inLanguage\":\"fr-FR\",\"potentialAction\":[{\"@type\":\"ReadAction\",\"target\":[\"https:\/\/place-to-bee.com\/fr\/emplacements\/\"]}]},{\"@type\":\"ImageObject\",\"inLanguage\":\"fr-FR\",\"@id\":\"https:\/\/place-to-bee.com\/fr\/emplacements\/#primaryimage\",\"url\":\"https:\/\/place-to-bee.com\/wp-content\/uploads\/PTB_icon_Yellow.svg\",\"contentUrl\":\"https:\/\/place-to-bee.com\/wp-content\/uploads\/PTB_icon_Yellow.svg\"},{\"@type\":\"BreadcrumbList\",\"@id\":\"https:\/\/place-to-bee.com\/fr\/emplacements\/#breadcrumb\",\"itemListElement\":[{\"@type\":\"ListItem\",\"position\":1,\"name\":\"Accueil\",\"item\":\"https:\/\/place-to-bee.com\/fr\/\"},{\"@type\":\"ListItem\",\"position\":2,\"name\":\"Emplacements\"}]},{\"@type\":\"WebSite\",\"@id\":\"https:\/\/place-to-bee.com\/fr\/#website\",\"url\":\"https:\/\/place-to-bee.com\/fr\/\",\"name\":\"PlaceToBee\",\"description\":\"Travel guide\",\"publisher\":{\"@id\":\"https:\/\/place-to-bee.com\/fr\/#organization\"},\"potentialAction\":[{\"@type\":\"SearchAction\",\"target\":{\"@type\":\"EntryPoint\",\"urlTemplate\":\"https:\/\/place-to-bee.com\/fr\/?s={search_term_string}\"},\"query-input\":{\"@type\":\"PropertyValueSpecification\",\"valueRequired\":true,\"valueName\":\"search_term_string\"}}],\"inLanguage\":\"fr-FR\"},{\"@type\":\"Organization\",\"@id\":\"https:\/\/place-to-bee.com\/fr\/#organization\",\"name\":\"PlaceToBee\",\"url\":\"https:\/\/place-to-bee.com\/fr\/\",\"logo\":{\"@type\":\"ImageObject\",\"inLanguage\":\"fr-FR\",\"@id\":\"https:\/\/place-to-bee.com\/fr\/#\/schema\/logo\/image\/\",\"url\":\"\",\"contentUrl\":\"\",\"caption\":\"PlaceToBee\"},\"image\":{\"@id\":\"https:\/\/place-to-bee.com\/fr\/#\/schema\/logo\/image\/\"},\"sameAs\":[\"https:\/\/www.facebook.com\/placetobee.travelguide\",\"https:\/\/www.instagram.com\/placetobee.travelguide\/\"]}]}<\/script>\n<!-- \/ Yoast SEO plugin. -->","yoast_head_json":{"title":"Emplacements de camping idylliques en Suisse - PlaceToBee","description":"Avec ton adh\u00e9sion annuelle tu s\u00e9journes gratuitement sur les plus beaux emplacements de Suisse, chez nos producteurs.","robots":{"index":"index","follow":"follow","max-snippet":"max-snippet:-1","max-image-preview":"max-image-preview:large","max-video-preview":"max-video-preview:-1"},"canonical":"https:\/\/place-to-bee.com\/fr\/emplacements\/","og_locale":"fr_FR","og_type":"article","og_title":"Emplacements de camping idylliques en Suisse - PlaceToBee","og_description":"Avec ton adh\u00e9sion annuelle tu s\u00e9journes gratuitement sur les plus beaux emplacements de Suisse, chez nos producteurs.","og_url":"https:\/\/place-to-bee.com\/fr\/emplacements\/","og_site_name":"PlaceToBee","article_publisher":"https:\/\/www.facebook.com\/placetobee.travelguide","article_modified_time":"2026-03-16T16:16:23+00:00","og_image":[{"width":1920,"height":1280,"url":"https:\/\/place-to-bee.com\/wp-content\/uploads\/bus.jpg","type":"image\/jpeg"}],"twitter_card":"summary_large_image","twitter_misc":{"Dur\u00e9e de lecture estim\u00e9e":"2 minutes"},"schema":{"@context":"https:\/\/schema.org","@graph":[{"@type":"WebPage","@id":"https:\/\/place-to-bee.com\/fr\/emplacements\/","url":"https:\/\/place-to-bee.com\/fr\/emplacements\/","name":"Emplacements de camping idylliques en Suisse - PlaceToBee","isPartOf":{"@id":"https:\/\/place-to-bee.com\/fr\/#website"},"primaryImageOfPage":{"@id":"https:\/\/place-to-bee.com\/fr\/emplacements\/#primaryimage"},"image":{"@id":"https:\/\/place-to-bee.com\/fr\/emplacements\/#primaryimage"},"thumbnailUrl":"https:\/\/place-to-bee.com\/wp-content\/uploads\/PTB_icon_Yellow.svg","datePublished":"2020-12-10T17:13:12+00:00","dateModified":"2026-03-16T16:16:23+00:00","description":"Avec ton adh\u00e9sion annuelle tu s\u00e9journes gratuitement sur les plus beaux emplacements de Suisse, chez nos producteurs.","breadcrumb":{"@id":"https:\/\/place-to-bee.com\/fr\/emplacements\/#breadcrumb"},"inLanguage":"fr-FR","potentialAction":[{"@type":"ReadAction","target":["https:\/\/place-to-bee.com\/fr\/emplacements\/"]}]},{"@type":"ImageObject","inLanguage":"fr-FR","@id":"https:\/\/place-to-bee.com\/fr\/emplacements\/#primaryimage","url":"https:\/\/place-to-bee.com\/wp-content\/uploads\/PTB_icon_Yellow.svg","contentUrl":"https:\/\/place-to-bee.com\/wp-content\/uploads\/PTB_icon_Yellow.svg"},{"@type":"BreadcrumbList","@id":"https:\/\/place-to-bee.com\/fr\/emplacements\/#breadcrumb","itemListElement":[{"@type":"ListItem","position":1,"name":"Accueil","item":"https:\/\/place-to-bee.com\/fr\/"},{"@type":"ListItem","position":2,"name":"Emplacements"}]},{"@type":"WebSite","@id":"https:\/\/place-to-bee.com\/fr\/#website","url":"https:\/\/place-to-bee.com\/fr\/","name":"PlaceToBee","description":"Travel guide","publisher":{"@id":"https:\/\/place-to-bee.com\/fr\/#organization"},"potentialAction":[{"@type":"SearchAction","target":{"@type":"EntryPoint","urlTemplate":"https:\/\/place-to-bee.com\/fr\/?s={search_term_string}"},"query-input":{"@type":"PropertyValueSpecification","valueRequired":true,"valueName":"search_term_string"}}],"inLanguage":"fr-FR"},{"@type":"Organization","@id":"https:\/\/place-to-bee.com\/fr\/#organization","name":"PlaceToBee","url":"https:\/\/place-to-bee.com\/fr\/","logo":{"@type":"ImageObject","inLanguage":"fr-FR","@id":"https:\/\/place-to-bee.com\/fr\/#\/schema\/logo\/image\/","url":"","contentUrl":"","caption":"PlaceToBee"},"image":{"@id":"https:\/\/place-to-bee.com\/fr\/#\/schema\/logo\/image\/"},"sameAs":["https:\/\/www.facebook.com\/placetobee.travelguide","https:\/\/www.instagram.com\/placetobee.travelguide\/"]}]}},"_links":{"self":[{"href":"https:\/\/place-to-bee.com\/fr\/wp-json\/wp\/v2\/pages\/6856","targetHints":{"allow":["GET"]}}],"collection":[{"href":"https:\/\/place-to-bee.com\/fr\/wp-json\/wp\/v2\/pages"}],"about":[{"href":"https:\/\/place-to-bee.com\/fr\/wp-json\/wp\/v2\/types\/page"}],"author":[{"embeddable":true,"href":"https:\/\/place-to-bee.com\/fr\/wp-json\/wp\/v2\/users\/2"}],"replies":[{"embeddable":true,"href":"https:\/\/place-to-bee.com\/fr\/wp-json\/wp\/v2\/comments?post=6856"}],"version-history":[{"count":64,"href":"https:\/\/place-to-bee.com\/fr\/wp-json\/wp\/v2\/pages\/6856\/revisions"}],"predecessor-version":[{"id":17670,"href":"https:\/\/place-to-bee.com\/fr\/wp-json\/wp\/v2\/pages\/6856\/revisions\/17670"}],"wp:attachment":[{"href":"https:\/\/place-to-bee.com\/fr\/wp-json\/wp\/v2\/media?parent=6856"}],"curies":[{"name":"wp","href":"https:\/\/api.w.org\/{rel}","templated":true}]}}