{"id":6951,"date":"2020-12-14T15:06:23","date_gmt":"2020-12-14T13:06:23","guid":{"rendered":"https:\/\/beta.place-to-bee.com\/mentions-legales\/"},"modified":"2025-06-22T12:56:35","modified_gmt":"2025-06-22T11:56:35","slug":"mentions-legales","status":"publish","type":"page","link":"https:\/\/place-to-bee.com\/fr\/mentions-legales\/","title":{"rendered":"Mentions l\u00e9gales"},"content":{"rendered":"\t\t<div data-elementor-type=\"wp-page\" data-elementor-id=\"6951\" class=\"elementor elementor-6951 elementor-6093\" data-elementor-post-type=\"page\">\n\t\t\t\t\t\t<section class=\"elementor-section elementor-top-section elementor-element elementor-element-125c1ff6 elementor-section-boxed elementor-section-height-default elementor-section-height-default\" data-id=\"125c1ff6\" data-element_type=\"section\" data-e-type=\"section\" data-settings=\"{&quot;shape_divider_bottom&quot;:&quot;waves&quot;}\">\n\t\t\t\t\t<div class=\"elementor-shape elementor-shape-bottom\" aria-hidden=\"true\" data-negative=\"false\">\n\t\t\t<svg xmlns=\"http:\/\/www.w3.org\/2000\/svg\" viewBox=\"0 0 1000 100\" preserveAspectRatio=\"none\">\n\t<path class=\"elementor-shape-fill\" d=\"M421.9,6.5c22.6-2.5,51.5,0.4,75.5,5.3c23.6,4.9,70.9,23.5,100.5,35.7c75.8,32.2,133.7,44.5,192.6,49.7\n\tc23.6,2.1,48.7,3.5,103.4-2.5c54.7-6,106.2-25.6,106.2-25.6V0H0v30.3c0,0,72,32.6,158.4,30.5c39.2-0.7,92.8-6.7,134-22.4\n\tc21.2-8.1,52.2-18.2,79.7-24.2C399.3,7.9,411.6,7.5,421.9,6.5z\"\/>\n<\/svg>\t\t<\/div>\n\t\t\t\t\t<div class=\"elementor-container elementor-column-gap-default\">\n\t\t\t\t\t<div class=\"elementor-column elementor-col-100 elementor-top-column elementor-element elementor-element-63babe6e\" data-id=\"63babe6e\" data-element_type=\"column\" data-e-type=\"column\">\n\t\t\t<div class=\"elementor-widget-wrap elementor-element-populated\">\n\t\t\t\t\t\t<div class=\"elementor-element elementor-element-4def3bf8 elementor-widget elementor-widget-spacer\" data-id=\"4def3bf8\" data-element_type=\"widget\" data-e-type=\"widget\" data-widget_type=\"spacer.default\">\n\t\t\t\t<div class=\"elementor-widget-container\">\n\t\t\t\t\t\t\t<div class=\"elementor-spacer\">\n\t\t\t<div class=\"elementor-spacer-inner\"><\/div>\n\t\t<\/div>\n\t\t\t\t\t\t<\/div>\n\t\t\t\t<\/div>\n\t\t\t\t<div class=\"elementor-element elementor-element-51dbbf7 elementor-view-default elementor-widget elementor-widget-icon\" data-id=\"51dbbf7\" data-element_type=\"widget\" data-e-type=\"widget\" data-widget_type=\"icon.default\">\n\t\t\t\t<div class=\"elementor-widget-container\">\n\t\t\t\t\t\t\t<div class=\"elementor-icon-wrapper\">\n\t\t\t<div class=\"elementor-icon\">\n\t\t\t<i aria-hidden=\"true\" class=\"fas fa-map-signs\"><\/i>\t\t\t<\/div>\n\t\t<\/div>\n\t\t\t\t\t\t<\/div>\n\t\t\t\t<\/div>\n\t\t\t\t<div class=\"elementor-element elementor-element-1875ad5e elementor-widget elementor-widget-heading\" data-id=\"1875ad5e\" data-element_type=\"widget\" data-e-type=\"widget\" data-widget_type=\"heading.default\">\n\t\t\t\t<div class=\"elementor-widget-container\">\n\t\t\t\t\t<h1 class=\"elementor-heading-title elementor-size-default\">Mentions l\u00e9gales<\/h1>\t\t\t\t<\/div>\n\t\t\t\t<\/div>\n\t\t\t\t<div class=\"elementor-element elementor-element-3ada9afd elementor-widget elementor-widget-spacer\" data-id=\"3ada9afd\" data-element_type=\"widget\" data-e-type=\"widget\" data-widget_type=\"spacer.default\">\n\t\t\t\t<div class=\"elementor-widget-container\">\n\t\t\t\t\t\t\t<div class=\"elementor-spacer\">\n\t\t\t<div class=\"elementor-spacer-inner\"><\/div>\n\t\t<\/div>\n\t\t\t\t\t\t<\/div>\n\t\t\t\t<\/div>\n\t\t\t\t<div class=\"elementor-element elementor-element-2f12140e elementor-widget elementor-widget-text-editor\" data-id=\"2f12140e\" data-element_type=\"widget\" data-e-type=\"widget\" data-widget_type=\"text-editor.default\">\n\t\t\t\t<div class=\"elementor-widget-container\">\n\t\t\t\t\t\t\t\t\t<p>PlaceToBee est un produit de l&#8217;entreprise<\/p>\n<p><b>Bee On S\u00e0rl<\/b><br \/>En Cormistaux 91<br \/>1040 Echallens<\/p>\n<p>Mail : <a class=\"hl\" style=\"color: #000;\" href=\"mailto:hello@place-to-bee.com\">hello@place-to-bee.com<\/a><\/p>\n<p>Site internet : <a class=\"hl\" style=\"color: #000;\" href=\"https:\/\/www.place-to-bee.com\" target=\"_blank\" rel=\"noopener\">www.place-to-bee.com<\/a><\/p>\n<p>Propri\u00e9taires : Arnaud Fasnacht, Anneline Cachat<\/p>\n<p>Registre du commerce : <span class=\"no-wrap\">CHE-436.390.060<\/span><\/p>\n\t\t\t\t\t\t\t\t<\/div>\n\t\t\t\t<\/div>\n\t\t\t\t<div class=\"elementor-element elementor-element-7a7e1b23 elementor-widget elementor-widget-spacer\" data-id=\"7a7e1b23\" data-element_type=\"widget\" data-e-type=\"widget\" data-widget_type=\"spacer.default\">\n\t\t\t\t<div class=\"elementor-widget-container\">\n\t\t\t\t\t\t\t<div class=\"elementor-spacer\">\n\t\t\t<div class=\"elementor-spacer-inner\"><\/div>\n\t\t<\/div>\n\t\t\t\t\t\t<\/div>\n\t\t\t\t<\/div>\n\t\t\t\t<div class=\"elementor-element elementor-element-3a4d959e elementor-widget elementor-widget-heading\" data-id=\"3a4d959e\" data-element_type=\"widget\" data-e-type=\"widget\" data-widget_type=\"heading.default\">\n\t\t\t\t<div class=\"elementor-widget-container\">\n\t\t\t\t\t<h3 class=\"elementor-heading-title elementor-size-default\">Avertissement<\/h3>\t\t\t\t<\/div>\n\t\t\t\t<\/div>\n\t\t\t\t<div class=\"elementor-element elementor-element-1a61b7d2 elementor-widget elementor-widget-text-editor\" data-id=\"1a61b7d2\" data-element_type=\"widget\" data-e-type=\"widget\" data-widget_type=\"text-editor.default\">\n\t\t\t\t<div class=\"elementor-widget-container\">\n\t\t\t\t\t\t\t\t\t<p>PlaceToBee s\u2019efforce d\u2019assurer la pr\u00e9cision et l\u2019exactitude des informations diffus\u00e9es sur son site sans pour autant pouvoir toujours garantir leur v\u00e9racit\u00e9. Le site d\u00e9cline alors toute responsabilit\u00e9 quant \u00e0 leur exactitude.<\/p>\n<p>Le site propose des liens hypertextes vers des sites web \u00e9dit\u00e9s ou g\u00e9r\u00e9s par des sites tiers. Dans la mesure o\u00f9 aucun contr\u00f4le n\u2019est exerc\u00e9 sur ces ressources externes, PlaceToBee d\u00e9cline toute responsabilit\u00e9 quant au contenu de ces sites.<\/p>\n\t\t\t\t\t\t\t\t<\/div>\n\t\t\t\t<\/div>\n\t\t\t\t<div class=\"elementor-element elementor-element-795fd765 elementor-widget elementor-widget-spacer\" data-id=\"795fd765\" data-element_type=\"widget\" data-e-type=\"widget\" data-widget_type=\"spacer.default\">\n\t\t\t\t<div class=\"elementor-widget-container\">\n\t\t\t\t\t\t\t<div class=\"elementor-spacer\">\n\t\t\t<div class=\"elementor-spacer-inner\"><\/div>\n\t\t<\/div>\n\t\t\t\t\t\t<\/div>\n\t\t\t\t<\/div>\n\t\t\t\t<div class=\"elementor-element elementor-element-2a0bb3d5 elementor-widget elementor-widget-heading\" data-id=\"2a0bb3d5\" data-element_type=\"widget\" data-e-type=\"widget\" data-widget_type=\"heading.default\">\n\t\t\t\t<div class=\"elementor-widget-container\">\n\t\t\t\t\t<h2 class=\"elementor-heading-title elementor-size-default\">Propri\u00e9t\u00e9 intellectuelle et copyright<\/h2>\t\t\t\t<\/div>\n\t\t\t\t<\/div>\n\t\t\t\t<div class=\"elementor-element elementor-element-7e78e25a elementor-widget elementor-widget-text-editor\" data-id=\"7e78e25a\" data-element_type=\"widget\" data-e-type=\"widget\" data-widget_type=\"text-editor.default\">\n\t\t\t\t<div class=\"elementor-widget-container\">\n\t\t\t\t\t\t\t\t\t<p>PlaceToBee est titulaire du contenu et de la structure de son site, prot\u00e9g\u00e9s par un copyright. Toute reproduction de contenu (textes, donn\u00e9es, photos, logos) n\u2019est pas autoris\u00e9 sans le consentement pr\u00e9alable de l\u2019\u00e9diteur.<\/p>\n\t\t\t\t\t\t\t\t<\/div>\n\t\t\t\t<\/div>\n\t\t\t\t<div class=\"elementor-element elementor-element-23315aad elementor-widget elementor-widget-spacer\" data-id=\"23315aad\" data-element_type=\"widget\" data-e-type=\"widget\" data-widget_type=\"spacer.default\">\n\t\t\t\t<div class=\"elementor-widget-container\">\n\t\t\t\t\t\t\t<div class=\"elementor-spacer\">\n\t\t\t<div class=\"elementor-spacer-inner\"><\/div>\n\t\t<\/div>\n\t\t\t\t\t\t<\/div>\n\t\t\t\t<\/div>\n\t\t\t\t<div class=\"elementor-element elementor-element-738f0095 elementor-widget elementor-widget-heading\" data-id=\"738f0095\" data-element_type=\"widget\" data-e-type=\"widget\" data-widget_type=\"heading.default\">\n\t\t\t\t<div class=\"elementor-widget-container\">\n\t\t\t\t\t<h2 class=\"elementor-heading-title elementor-size-default\">Cr\u00e9dit photos<\/h2>\t\t\t\t<\/div>\n\t\t\t\t<\/div>\n\t\t\t\t<div class=\"elementor-element elementor-element-69592dc9 elementor-widget elementor-widget-text-editor\" data-id=\"69592dc9\" data-element_type=\"widget\" data-e-type=\"widget\" data-widget_type=\"text-editor.default\">\n\t\t\t\t<div class=\"elementor-widget-container\">\n\t\t\t\t\t\t\t\t\t<p>Toutes les photos pr\u00e9sentes sur notre page <a class=\"hl\" style=\"color: #000;\" href=\"https:\/\/www.place-to-bee.com\" target=\"_blank\" rel=\"noopener\">www.place-to-bee.com<\/a> sont libres de droits, proviennent des plateformes iStock, Fotolia ou Shutterstock, ou ont \u00e9t\u00e9 prises par PlaceToBee avec le consentement des personnes pr\u00e9sentes sur celles-ci.<\/p>\n<p>Note en cas de gestion de conflit intellectuel faisant suite \u00e0 l\u2019Article 14, Abs. 1 ODR-VO:<br \/>En cas de litige, la Commission Europ\u00e9enne a pr\u00e9vu une plateforme en ligne de gestion de conflit. Les utilisateurs ont la possibilit\u00e9 d\u2019utiliser cette plateforme pour r\u00e9soudre les conflits. Notez que nous favorisons toujours une gestion \u00e0 l\u2019amiable des conflits.<\/p>\n\t\t\t\t\t\t\t\t<\/div>\n\t\t\t\t<\/div>\n\t\t\t\t<div class=\"elementor-element elementor-element-293bff9c elementor-widget elementor-widget-spacer\" data-id=\"293bff9c\" data-element_type=\"widget\" data-e-type=\"widget\" data-widget_type=\"spacer.default\">\n\t\t\t\t<div class=\"elementor-widget-container\">\n\t\t\t\t\t\t\t<div class=\"elementor-spacer\">\n\t\t\t<div class=\"elementor-spacer-inner\"><\/div>\n\t\t<\/div>\n\t\t\t\t\t\t<\/div>\n\t\t\t\t<\/div>\n\t\t\t\t\t<\/div>\n\t\t<\/div>\n\t\t\t\t\t<\/div>\n\t\t<\/section>\n\t\t\t\t<\/div>\n\t\t","protected":false},"excerpt":{"rendered":"<p>Mentions l\u00e9gales PlaceToBee est un produit de l&#8217;entreprise Bee On S\u00e0rlEn Cormistaux 911040 Echallens Mail : hello@place-to-bee.com Site internet : www.place-to-bee.com Propri\u00e9taires : Arnaud Fasnacht, Anneline Cachat Registre du commerce : CHE-436.390.060 Avertissement PlaceToBee s\u2019efforce d\u2019assurer la pr\u00e9cision et l\u2019exactitude des informations diffus\u00e9es sur son site sans pour autant pouvoir toujours garantir leur v\u00e9racit\u00e9. Le [&hellip;]<\/p>\n","protected":false},"author":2,"featured_media":0,"parent":0,"menu_order":0,"comment_status":"closed","ping_status":"closed","template":"","meta":{"footnotes":""},"class_list":["post-6951","page","type-page","status-publish","hentry"],"yoast_head":"<!-- This site is optimized with the Yoast SEO plugin v27.5 - https:\/\/yoast.com\/product\/yoast-seo-wordpress\/ -->\n<title>Mentions l\u00e9gales - PlaceToBee<\/title>\n<meta name=\"description\" content=\"Mentions l\u00e9gales du site place-to-bee.com\" \/>\n<meta name=\"robots\" content=\"index, follow, max-snippet:-1, max-image-preview:large, max-video-preview:-1\" \/>\n<link rel=\"canonical\" href=\"https:\/\/place-to-bee.com\/fr\/mentions-legales\/\" \/>\n<meta property=\"og:locale\" content=\"fr_FR\" \/>\n<meta property=\"og:type\" content=\"article\" \/>\n<meta property=\"og:title\" content=\"Mentions l\u00e9gales - PlaceToBee\" \/>\n<meta property=\"og:description\" content=\"Mentions l\u00e9gales du site place-to-bee.com\" \/>\n<meta property=\"og:url\" content=\"https:\/\/place-to-bee.com\/fr\/mentions-legales\/\" \/>\n<meta property=\"og:site_name\" content=\"PlaceToBee\" \/>\n<meta property=\"article:publisher\" content=\"https:\/\/www.facebook.com\/placetobee.travelguide\" \/>\n<meta property=\"article:modified_time\" content=\"2025-06-22T11:56:35+00:00\" \/>\n<meta property=\"og:image\" content=\"https:\/\/place-to-bee.com\/wp-content\/uploads\/bus.jpg\" \/>\n\t<meta property=\"og:image:width\" content=\"1920\" \/>\n\t<meta property=\"og:image:height\" content=\"1280\" \/>\n\t<meta property=\"og:image:type\" content=\"image\/jpeg\" \/>\n<meta name=\"twitter:card\" content=\"summary_large_image\" \/>\n<meta name=\"twitter:label1\" content=\"Dur\u00e9e de lecture estim\u00e9e\" \/>\n\t<meta name=\"twitter:data1\" content=\"2 minutes\" \/>\n<script type=\"application\/ld+json\" class=\"yoast-schema-graph\">{\"@context\":\"https:\\\/\\\/schema.org\",\"@graph\":[{\"@type\":\"WebPage\",\"@id\":\"https:\\\/\\\/place-to-bee.com\\\/fr\\\/mentions-legales\\\/\",\"url\":\"https:\\\/\\\/place-to-bee.com\\\/fr\\\/mentions-legales\\\/\",\"name\":\"Mentions l\u00e9gales - PlaceToBee\",\"isPartOf\":{\"@id\":\"https:\\\/\\\/place-to-bee.com\\\/fr\\\/#website\"},\"datePublished\":\"2020-12-14T13:06:23+00:00\",\"dateModified\":\"2025-06-22T11:56:35+00:00\",\"description\":\"Mentions l\u00e9gales du site place-to-bee.com\",\"breadcrumb\":{\"@id\":\"https:\\\/\\\/place-to-bee.com\\\/fr\\\/mentions-legales\\\/#breadcrumb\"},\"inLanguage\":\"fr-FR\",\"potentialAction\":[{\"@type\":\"ReadAction\",\"target\":[\"https:\\\/\\\/place-to-bee.com\\\/fr\\\/mentions-legales\\\/\"]}]},{\"@type\":\"BreadcrumbList\",\"@id\":\"https:\\\/\\\/place-to-bee.com\\\/fr\\\/mentions-legales\\\/#breadcrumb\",\"itemListElement\":[{\"@type\":\"ListItem\",\"position\":1,\"name\":\"Accueil\",\"item\":\"https:\\\/\\\/place-to-bee.com\\\/fr\\\/\"},{\"@type\":\"ListItem\",\"position\":2,\"name\":\"Mentions l\u00e9gales\"}]},{\"@type\":\"WebSite\",\"@id\":\"https:\\\/\\\/place-to-bee.com\\\/fr\\\/#website\",\"url\":\"https:\\\/\\\/place-to-bee.com\\\/fr\\\/\",\"name\":\"PlaceToBee\",\"description\":\"Travel guide\",\"publisher\":{\"@id\":\"https:\\\/\\\/place-to-bee.com\\\/fr\\\/#organization\"},\"potentialAction\":[{\"@type\":\"SearchAction\",\"target\":{\"@type\":\"EntryPoint\",\"urlTemplate\":\"https:\\\/\\\/place-to-bee.com\\\/fr\\\/?s={search_term_string}\"},\"query-input\":{\"@type\":\"PropertyValueSpecification\",\"valueRequired\":true,\"valueName\":\"search_term_string\"}}],\"inLanguage\":\"fr-FR\"},{\"@type\":\"Organization\",\"@id\":\"https:\\\/\\\/place-to-bee.com\\\/fr\\\/#organization\",\"name\":\"PlaceToBee\",\"url\":\"https:\\\/\\\/place-to-bee.com\\\/fr\\\/\",\"logo\":{\"@type\":\"ImageObject\",\"inLanguage\":\"fr-FR\",\"@id\":\"https:\\\/\\\/place-to-bee.com\\\/fr\\\/#\\\/schema\\\/logo\\\/image\\\/\",\"url\":\"\",\"contentUrl\":\"\",\"caption\":\"PlaceToBee\"},\"image\":{\"@id\":\"https:\\\/\\\/place-to-bee.com\\\/fr\\\/#\\\/schema\\\/logo\\\/image\\\/\"},\"sameAs\":[\"https:\\\/\\\/www.facebook.com\\\/placetobee.travelguide\",\"https:\\\/\\\/www.instagram.com\\\/placetobee.travelguide\\\/\"]}]}<\/script>\n<!-- \/ Yoast SEO plugin. -->","yoast_head_json":{"title":"Mentions l\u00e9gales - PlaceToBee","description":"Mentions l\u00e9gales du site place-to-bee.com","robots":{"index":"index","follow":"follow","max-snippet":"max-snippet:-1","max-image-preview":"max-image-preview:large","max-video-preview":"max-video-preview:-1"},"canonical":"https:\/\/place-to-bee.com\/fr\/mentions-legales\/","og_locale":"fr_FR","og_type":"article","og_title":"Mentions l\u00e9gales - PlaceToBee","og_description":"Mentions l\u00e9gales du site place-to-bee.com","og_url":"https:\/\/place-to-bee.com\/fr\/mentions-legales\/","og_site_name":"PlaceToBee","article_publisher":"https:\/\/www.facebook.com\/placetobee.travelguide","article_modified_time":"2025-06-22T11:56:35+00:00","og_image":[{"width":1920,"height":1280,"url":"https:\/\/place-to-bee.com\/wp-content\/uploads\/bus.jpg","type":"image\/jpeg"}],"twitter_card":"summary_large_image","twitter_misc":{"Dur\u00e9e de lecture estim\u00e9e":"2 minutes"},"schema":{"@context":"https:\/\/schema.org","@graph":[{"@type":"WebPage","@id":"https:\/\/place-to-bee.com\/fr\/mentions-legales\/","url":"https:\/\/place-to-bee.com\/fr\/mentions-legales\/","name":"Mentions l\u00e9gales - PlaceToBee","isPartOf":{"@id":"https:\/\/place-to-bee.com\/fr\/#website"},"datePublished":"2020-12-14T13:06:23+00:00","dateModified":"2025-06-22T11:56:35+00:00","description":"Mentions l\u00e9gales du site place-to-bee.com","breadcrumb":{"@id":"https:\/\/place-to-bee.com\/fr\/mentions-legales\/#breadcrumb"},"inLanguage":"fr-FR","potentialAction":[{"@type":"ReadAction","target":["https:\/\/place-to-bee.com\/fr\/mentions-legales\/"]}]},{"@type":"BreadcrumbList","@id":"https:\/\/place-to-bee.com\/fr\/mentions-legales\/#breadcrumb","itemListElement":[{"@type":"ListItem","position":1,"name":"Accueil","item":"https:\/\/place-to-bee.com\/fr\/"},{"@type":"ListItem","position":2,"name":"Mentions l\u00e9gales"}]},{"@type":"WebSite","@id":"https:\/\/place-to-bee.com\/fr\/#website","url":"https:\/\/place-to-bee.com\/fr\/","name":"PlaceToBee","description":"Travel guide","publisher":{"@id":"https:\/\/place-to-bee.com\/fr\/#organization"},"potentialAction":[{"@type":"SearchAction","target":{"@type":"EntryPoint","urlTemplate":"https:\/\/place-to-bee.com\/fr\/?s={search_term_string}"},"query-input":{"@type":"PropertyValueSpecification","valueRequired":true,"valueName":"search_term_string"}}],"inLanguage":"fr-FR"},{"@type":"Organization","@id":"https:\/\/place-to-bee.com\/fr\/#organization","name":"PlaceToBee","url":"https:\/\/place-to-bee.com\/fr\/","logo":{"@type":"ImageObject","inLanguage":"fr-FR","@id":"https:\/\/place-to-bee.com\/fr\/#\/schema\/logo\/image\/","url":"","contentUrl":"","caption":"PlaceToBee"},"image":{"@id":"https:\/\/place-to-bee.com\/fr\/#\/schema\/logo\/image\/"},"sameAs":["https:\/\/www.facebook.com\/placetobee.travelguide","https:\/\/www.instagram.com\/placetobee.travelguide\/"]}]}},"_links":{"self":[{"href":"https:\/\/place-to-bee.com\/fr\/wp-json\/wp\/v2\/pages\/6951","targetHints":{"allow":["GET"]}}],"collection":[{"href":"https:\/\/place-to-bee.com\/fr\/wp-json\/wp\/v2\/pages"}],"about":[{"href":"https:\/\/place-to-bee.com\/fr\/wp-json\/wp\/v2\/types\/page"}],"author":[{"embeddable":true,"href":"https:\/\/place-to-bee.com\/fr\/wp-json\/wp\/v2\/users\/2"}],"replies":[{"embeddable":true,"href":"https:\/\/place-to-bee.com\/fr\/wp-json\/wp\/v2\/comments?post=6951"}],"version-history":[{"count":11,"href":"https:\/\/place-to-bee.com\/fr\/wp-json\/wp\/v2\/pages\/6951\/revisions"}],"predecessor-version":[{"id":16988,"href":"https:\/\/place-to-bee.com\/fr\/wp-json\/wp\/v2\/pages\/6951\/revisions\/16988"}],"wp:attachment":[{"href":"https:\/\/place-to-bee.com\/fr\/wp-json\/wp\/v2\/media?parent=6951"}],"curies":[{"name":"wp","href":"https:\/\/api.w.org\/{rel}","templated":true}]}}