{"id":8022,"date":"2021-03-12T21:37:39","date_gmt":"2021-03-16T09:31:43","guid":{"rendered":"https:\/\/place-to-bee.com\/produit\/bon-cadeau\/"},"modified":"2025-04-22T09:44:18","modified_gmt":"2025-04-22T08:44:18","slug":"bon-cadeau","status":"publish","type":"product","link":"https:\/\/place-to-bee.com\/fr\/produit\/bon-cadeau\/","title":{"rendered":"Bon cadeau licence annuelle PlaceToBee"},"content":{"rendered":"<p>Offre \u00e0 tes proches des exp\u00e9riences inoubliables. Le bon cadeau te sera envoy\u00e9 par e-mail au format PDF.<\/p>\n<p>Le bon est valable pendant 356 jours et n&#8217;est valable que pour l&#8217;achat d&#8217;une licence annuelle de PlaceToBee (valeur CHF 74.\u2013).<\/p>\n<p><em>Le bon cadeau est bien digital. Les frais d&#8217;envoi concerne l&#8217;envoi de la vignette lors de l&#8217;utilisation du bon cadeau.<\/em><\/p>\n<div id=\"a36bb854c610d44-autofill-overlay-host\" class=\"a36bb854c610d44-autofill-overlay-host\" style=\"position: absolute; z-index: 10; top: 0px; left: 0px; width: 0;\">\n<div style=\"display: hidden;\"><\/div>\n<\/div>\n","protected":false},"excerpt":{"rendered":"<p>Offre \u00e0 tes proches des exp\u00e9riences inoubliables. Le bon sera envoy\u00e9 par e-mail au format PDF.<\/p>\n<p><em>Le bon cadeau est bien digital. Les frais d&#8217;envoi concerne l&#8217;envoi de la vignette lors de l&#8217;utilisation du bon cadeau.<\/em><\/p>\n<p>\u2139\ufe0f <em><span style=\"color: #666699;\">L&#8217;activation du bon peut prendre jusqu&#8217;\u00e0 4 jours.<\/span><\/em><\/p>\n<div id=\"a36bb854c610d44-autofill-overlay-host\" class=\"a36bb854c610d44-autofill-overlay-host\" style=\"position: absolute; z-index: 10; top: 0px; left: 0px; width: 0;\">\n<div style=\"display: hidden;\"><\/div>\n<\/div>\n<div id=\"a36bb854c610d44-autofill-overlay-host\" class=\"a36bb854c610d44-autofill-overlay-host\" style=\"position: absolute; z-index: 10; top: 0px; left: 0px; width: 0;\">\n<div style=\"display: hidden;\"><\/div>\n<\/div>\n","protected":false},"featured_media":15968,"template":"","meta":[],"product_brand":[],"product_cat":[74],"product_tag":[],"class_list":{"0":"post-8022","1":"product","2":"type-product","3":"status-publish","4":"has-post-thumbnail","6":"product_cat-bons-cadeau","8":"first","9":"instock","10":"virtual","11":"sold-individually","12":"taxable","13":"purchasable","14":"product-type-simple"},"yoast_head":"<!-- This site is optimized with the Yoast SEO plugin v27.5 - https:\/\/yoast.com\/product\/yoast-seo-wordpress\/ -->\n<title>Bon cadeau licence annuelle PlaceToBee - PlaceToBee<\/title>\n<meta name=\"description\" content=\"Offre \u00e0 tes proches des exp\u00e9riences inoubliables. Imm\u00e9diatement sous forme d&#039;e-mail et de PDF.\" \/>\n<meta name=\"robots\" content=\"index, follow, max-snippet:-1, max-image-preview:large, max-video-preview:-1\" \/>\n<link rel=\"canonical\" href=\"https:\/\/place-to-bee.com\/fr\/produit\/bon-cadeau\/\" \/>\n<meta property=\"og:locale\" content=\"fr_FR\" \/>\n<meta property=\"og:type\" content=\"article\" \/>\n<meta property=\"og:title\" content=\"Bon cadeau licence annuelle PlaceToBee - PlaceToBee\" \/>\n<meta property=\"og:description\" content=\"Offre \u00e0 tes proches des exp\u00e9riences inoubliables. Imm\u00e9diatement sous forme d&#039;e-mail et de PDF.\" \/>\n<meta property=\"og:url\" content=\"https:\/\/place-to-bee.com\/fr\/produit\/bon-cadeau\/\" \/>\n<meta property=\"og:site_name\" content=\"PlaceToBee\" \/>\n<meta property=\"article:publisher\" content=\"https:\/\/www.facebook.com\/placetobee.travelguide\" \/>\n<meta property=\"article:modified_time\" content=\"2025-04-22T08:44:18+00:00\" \/>\n<meta property=\"og:image\" content=\"https:\/\/place-to-bee.com\/wp-content\/uploads\/Bon-PTB-365-FR-1.webp\" \/>\n\t<meta property=\"og:image:width\" content=\"1200\" \/>\n\t<meta property=\"og:image:height\" content=\"800\" \/>\n\t<meta property=\"og:image:type\" content=\"image\/webp\" \/>\n<meta name=\"twitter:card\" content=\"summary_large_image\" \/>\n<meta name=\"twitter:label1\" content=\"Dur\u00e9e de lecture estim\u00e9e\" \/>\n\t<meta name=\"twitter:data1\" content=\"1 minute\" \/>\n<script type=\"application\/ld+json\" class=\"yoast-schema-graph\">{\"@context\":\"https:\\\/\\\/schema.org\",\"@graph\":[{\"@type\":\"WebPage\",\"@id\":\"https:\\\/\\\/place-to-bee.com\\\/fr\\\/produit\\\/bon-cadeau\\\/\",\"url\":\"https:\\\/\\\/place-to-bee.com\\\/fr\\\/produit\\\/bon-cadeau\\\/\",\"name\":\"Bon cadeau licence annuelle PlaceToBee - PlaceToBee\",\"isPartOf\":{\"@id\":\"https:\\\/\\\/place-to-bee.com\\\/fr\\\/#website\"},\"primaryImageOfPage\":{\"@id\":\"https:\\\/\\\/place-to-bee.com\\\/fr\\\/produit\\\/bon-cadeau\\\/#primaryimage\"},\"image\":{\"@id\":\"https:\\\/\\\/place-to-bee.com\\\/fr\\\/produit\\\/bon-cadeau\\\/#primaryimage\"},\"thumbnailUrl\":\"https:\\\/\\\/place-to-bee.com\\\/wp-content\\\/uploads\\\/Bon-PTB-365-FR-1.webp\",\"datePublished\":\"2021-03-16T09:31:43+00:00\",\"dateModified\":\"2025-04-22T08:44:18+00:00\",\"description\":\"Offre \u00e0 tes proches des exp\u00e9riences inoubliables. Imm\u00e9diatement sous forme d'e-mail et de PDF.\",\"breadcrumb\":{\"@id\":\"https:\\\/\\\/place-to-bee.com\\\/fr\\\/produit\\\/bon-cadeau\\\/#breadcrumb\"},\"inLanguage\":\"fr-FR\",\"potentialAction\":[{\"@type\":\"ReadAction\",\"target\":[\"https:\\\/\\\/place-to-bee.com\\\/fr\\\/produit\\\/bon-cadeau\\\/\"]}]},{\"@type\":\"ImageObject\",\"inLanguage\":\"fr-FR\",\"@id\":\"https:\\\/\\\/place-to-bee.com\\\/fr\\\/produit\\\/bon-cadeau\\\/#primaryimage\",\"url\":\"https:\\\/\\\/place-to-bee.com\\\/wp-content\\\/uploads\\\/Bon-PTB-365-FR-1.webp\",\"contentUrl\":\"https:\\\/\\\/place-to-bee.com\\\/wp-content\\\/uploads\\\/Bon-PTB-365-FR-1.webp\",\"width\":1200,\"height\":800,\"caption\":\"image du bon cadeau\"},{\"@type\":\"BreadcrumbList\",\"@id\":\"https:\\\/\\\/place-to-bee.com\\\/fr\\\/produit\\\/bon-cadeau\\\/#breadcrumb\",\"itemListElement\":[{\"@type\":\"ListItem\",\"position\":1,\"name\":\"Accueil\",\"item\":\"https:\\\/\\\/place-to-bee.com\\\/fr\\\/\"},{\"@type\":\"ListItem\",\"position\":2,\"name\":\"Shop\",\"item\":\"https:\\\/\\\/place-to-bee.com\\\/fr\\\/shop\\\/\"},{\"@type\":\"ListItem\",\"position\":3,\"name\":\"Bon cadeau licence annuelle PlaceToBee\"}]},{\"@type\":\"WebSite\",\"@id\":\"https:\\\/\\\/place-to-bee.com\\\/fr\\\/#website\",\"url\":\"https:\\\/\\\/place-to-bee.com\\\/fr\\\/\",\"name\":\"PlaceToBee\",\"description\":\"Travel guide\",\"publisher\":{\"@id\":\"https:\\\/\\\/place-to-bee.com\\\/fr\\\/#organization\"},\"potentialAction\":[{\"@type\":\"SearchAction\",\"target\":{\"@type\":\"EntryPoint\",\"urlTemplate\":\"https:\\\/\\\/place-to-bee.com\\\/fr\\\/?s={search_term_string}\"},\"query-input\":{\"@type\":\"PropertyValueSpecification\",\"valueRequired\":true,\"valueName\":\"search_term_string\"}}],\"inLanguage\":\"fr-FR\"},{\"@type\":\"Organization\",\"@id\":\"https:\\\/\\\/place-to-bee.com\\\/fr\\\/#organization\",\"name\":\"PlaceToBee\",\"url\":\"https:\\\/\\\/place-to-bee.com\\\/fr\\\/\",\"logo\":{\"@type\":\"ImageObject\",\"inLanguage\":\"fr-FR\",\"@id\":\"https:\\\/\\\/place-to-bee.com\\\/fr\\\/#\\\/schema\\\/logo\\\/image\\\/\",\"url\":\"\",\"contentUrl\":\"\",\"caption\":\"PlaceToBee\"},\"image\":{\"@id\":\"https:\\\/\\\/place-to-bee.com\\\/fr\\\/#\\\/schema\\\/logo\\\/image\\\/\"},\"sameAs\":[\"https:\\\/\\\/www.facebook.com\\\/placetobee.travelguide\",\"https:\\\/\\\/www.instagram.com\\\/placetobee.travelguide\\\/\"]}]}<\/script>\n<!-- \/ Yoast SEO plugin. -->","yoast_head_json":{"title":"Bon cadeau licence annuelle PlaceToBee - PlaceToBee","description":"Offre \u00e0 tes proches des exp\u00e9riences inoubliables. Imm\u00e9diatement sous forme d'e-mail et de PDF.","robots":{"index":"index","follow":"follow","max-snippet":"max-snippet:-1","max-image-preview":"max-image-preview:large","max-video-preview":"max-video-preview:-1"},"canonical":"https:\/\/place-to-bee.com\/fr\/produit\/bon-cadeau\/","og_locale":"fr_FR","og_type":"article","og_title":"Bon cadeau licence annuelle PlaceToBee - PlaceToBee","og_description":"Offre \u00e0 tes proches des exp\u00e9riences inoubliables. Imm\u00e9diatement sous forme d'e-mail et de PDF.","og_url":"https:\/\/place-to-bee.com\/fr\/produit\/bon-cadeau\/","og_site_name":"PlaceToBee","article_publisher":"https:\/\/www.facebook.com\/placetobee.travelguide","article_modified_time":"2025-04-22T08:44:18+00:00","og_image":[{"width":1200,"height":800,"url":"https:\/\/place-to-bee.com\/wp-content\/uploads\/Bon-PTB-365-FR-1.webp","type":"image\/webp"}],"twitter_card":"summary_large_image","twitter_misc":{"Dur\u00e9e de lecture estim\u00e9e":"1 minute"},"schema":{"@context":"https:\/\/schema.org","@graph":[{"@type":"WebPage","@id":"https:\/\/place-to-bee.com\/fr\/produit\/bon-cadeau\/","url":"https:\/\/place-to-bee.com\/fr\/produit\/bon-cadeau\/","name":"Bon cadeau licence annuelle PlaceToBee - PlaceToBee","isPartOf":{"@id":"https:\/\/place-to-bee.com\/fr\/#website"},"primaryImageOfPage":{"@id":"https:\/\/place-to-bee.com\/fr\/produit\/bon-cadeau\/#primaryimage"},"image":{"@id":"https:\/\/place-to-bee.com\/fr\/produit\/bon-cadeau\/#primaryimage"},"thumbnailUrl":"https:\/\/place-to-bee.com\/wp-content\/uploads\/Bon-PTB-365-FR-1.webp","datePublished":"2021-03-16T09:31:43+00:00","dateModified":"2025-04-22T08:44:18+00:00","description":"Offre \u00e0 tes proches des exp\u00e9riences inoubliables. Imm\u00e9diatement sous forme d'e-mail et de PDF.","breadcrumb":{"@id":"https:\/\/place-to-bee.com\/fr\/produit\/bon-cadeau\/#breadcrumb"},"inLanguage":"fr-FR","potentialAction":[{"@type":"ReadAction","target":["https:\/\/place-to-bee.com\/fr\/produit\/bon-cadeau\/"]}]},{"@type":"ImageObject","inLanguage":"fr-FR","@id":"https:\/\/place-to-bee.com\/fr\/produit\/bon-cadeau\/#primaryimage","url":"https:\/\/place-to-bee.com\/wp-content\/uploads\/Bon-PTB-365-FR-1.webp","contentUrl":"https:\/\/place-to-bee.com\/wp-content\/uploads\/Bon-PTB-365-FR-1.webp","width":1200,"height":800,"caption":"image du bon cadeau"},{"@type":"BreadcrumbList","@id":"https:\/\/place-to-bee.com\/fr\/produit\/bon-cadeau\/#breadcrumb","itemListElement":[{"@type":"ListItem","position":1,"name":"Accueil","item":"https:\/\/place-to-bee.com\/fr\/"},{"@type":"ListItem","position":2,"name":"Shop","item":"https:\/\/place-to-bee.com\/fr\/shop\/"},{"@type":"ListItem","position":3,"name":"Bon cadeau licence annuelle PlaceToBee"}]},{"@type":"WebSite","@id":"https:\/\/place-to-bee.com\/fr\/#website","url":"https:\/\/place-to-bee.com\/fr\/","name":"PlaceToBee","description":"Travel guide","publisher":{"@id":"https:\/\/place-to-bee.com\/fr\/#organization"},"potentialAction":[{"@type":"SearchAction","target":{"@type":"EntryPoint","urlTemplate":"https:\/\/place-to-bee.com\/fr\/?s={search_term_string}"},"query-input":{"@type":"PropertyValueSpecification","valueRequired":true,"valueName":"search_term_string"}}],"inLanguage":"fr-FR"},{"@type":"Organization","@id":"https:\/\/place-to-bee.com\/fr\/#organization","name":"PlaceToBee","url":"https:\/\/place-to-bee.com\/fr\/","logo":{"@type":"ImageObject","inLanguage":"fr-FR","@id":"https:\/\/place-to-bee.com\/fr\/#\/schema\/logo\/image\/","url":"","contentUrl":"","caption":"PlaceToBee"},"image":{"@id":"https:\/\/place-to-bee.com\/fr\/#\/schema\/logo\/image\/"},"sameAs":["https:\/\/www.facebook.com\/placetobee.travelguide","https:\/\/www.instagram.com\/placetobee.travelguide\/"]}]}},"_links":{"self":[{"href":"https:\/\/place-to-bee.com\/fr\/wp-json\/wp\/v2\/product\/8022","targetHints":{"allow":["GET"]}}],"collection":[{"href":"https:\/\/place-to-bee.com\/fr\/wp-json\/wp\/v2\/product"}],"about":[{"href":"https:\/\/place-to-bee.com\/fr\/wp-json\/wp\/v2\/types\/product"}],"wp:featuredmedia":[{"embeddable":true,"href":"https:\/\/place-to-bee.com\/fr\/wp-json\/wp\/v2\/media\/15968"}],"wp:attachment":[{"href":"https:\/\/place-to-bee.com\/fr\/wp-json\/wp\/v2\/media?parent=8022"}],"wp:term":[{"taxonomy":"product_brand","embeddable":true,"href":"https:\/\/place-to-bee.com\/fr\/wp-json\/wp\/v2\/product_brand?post=8022"},{"taxonomy":"product_cat","embeddable":true,"href":"https:\/\/place-to-bee.com\/fr\/wp-json\/wp\/v2\/product_cat?post=8022"},{"taxonomy":"product_tag","embeddable":true,"href":"https:\/\/place-to-bee.com\/fr\/wp-json\/wp\/v2\/product_tag?post=8022"}],"curies":[{"name":"wp","href":"https:\/\/api.w.org\/{rel}","templated":true}]}}